{"id":443,"date":"2020-01-14T11:01:38","date_gmt":"2020-01-14T10:01:38","guid":{"rendered":"https:\/\/www.francoishuet.fr\/?page_id=443"},"modified":"2022-10-12T07:32:49","modified_gmt":"2022-10-12T05:32:49","slug":"1h-gratuite","status":"publish","type":"page","link":"https:\/\/www.francoishuet.fr\/index.php\/1h-gratuite\/","title":{"rendered":"1H offerte"},"content":{"rendered":"\n<p>Cher futur investisseur,<\/p>\n\n\n\n<p>Je vous propose de vous faire b\u00e9n\u00e9ficier gratuitement de votre 1\u00e8re heure d&rsquo;accompagnement t\u00e9l\u00e9phonique avec moi. Nous pourrons ainsi discuter selon votre convenance :<\/p>\n\n\n\n<ul class=\"wp-block-list\"><li>de mon parcours<\/li><li>des principes de ma m\u00e9thode<\/li><li>des gains que vous pouvez r\u00e9aliser en moyenne<\/li><li>des grandes \u00e9tapes \u00e0 suivre<\/li><li>de l&rsquo;accompagnement dont vous pouvez b\u00e9n\u00e9ficier<\/li><\/ul>\n\n\n\n<p>Je vous propose pour cela de renseigner vos coordonn\u00e9es. Je vous rappellerai personnellement :<\/p>\n\n\n<div class=\"wpforms-container wpforms-container-full wpforms-block\" id=\"wpforms-2009\"><form id=\"wpforms-form-2009\" class=\"wpforms-validate wpforms-form wpforms-ajax-form\" data-formid=\"2009\" method=\"post\" enctype=\"multipart\/form-data\" action=\"\/index.php\/wp-json\/wp\/v2\/pages\/443\" data-token=\"45588b94c40a51d5194ba5dd041008fd\" data-token-time=\"1776416299\"><noscript class=\"wpforms-error-noscript\">Veuillez activer JavaScript dans votre navigateur pour remplir ce formulaire.<\/noscript><div class=\"wpforms-field-container\"><div id=\"wpforms-2009-field_0-container\" class=\"wpforms-field wpforms-field-name\" data-field-id=\"0\"><label class=\"wpforms-field-label\">Nom <span class=\"wpforms-required-label\">*<\/span><\/label><div class=\"wpforms-field-row wpforms-field-medium\"><div class=\"wpforms-field-row-block wpforms-first wpforms-one-half\"><input type=\"text\" id=\"wpforms-2009-field_0\" class=\"wpforms-field-name-first wpforms-field-required\" name=\"wpforms[fields][0][first]\" required><label for=\"wpforms-2009-field_0\" class=\"wpforms-field-sublabel after\">Pr\u00e9nom<\/label><\/div><div class=\"wpforms-field-row-block wpforms-one-half\"><input type=\"text\" id=\"wpforms-2009-field_0-last\" class=\"wpforms-field-name-last wpforms-field-required\" name=\"wpforms[fields][0][last]\" required><label for=\"wpforms-2009-field_0-last\" class=\"wpforms-field-sublabel after\">Nom<\/label><\/div><\/div><\/div><div id=\"wpforms-2009-field_1-container\" class=\"wpforms-field wpforms-field-email\" data-field-id=\"1\"><label class=\"wpforms-field-label\" for=\"wpforms-2009-field_1\">Email <span class=\"wpforms-required-label\">*<\/span><\/label><input type=\"email\" id=\"wpforms-2009-field_1\" class=\"wpforms-field-medium wpforms-field-required\" name=\"wpforms[fields][1]\" spellcheck=\"false\" required><\/div><div id=\"wpforms-2009-field_2-container\" class=\"wpforms-field wpforms-field-textarea\" data-field-id=\"2\"><label class=\"wpforms-field-label\" for=\"wpforms-2009-field_2\">Vos indications pour vous joindre (num\u00e9ro, plage horaire&#8230;) <span class=\"wpforms-required-label\">*<\/span><\/label><textarea id=\"wpforms-2009-field_2\" class=\"wpforms-field-medium wpforms-field-required\" name=\"wpforms[fields][2]\" required><\/textarea><\/div><\/div><!-- .wpforms-field-container --><div class=\"wpforms-recaptcha-container wpforms-is-recaptcha wpforms-is-recaptcha-type-v2\" ><div class=\"g-recaptcha\" data-sitekey=\"6LeWEKwfAAAAAFoWqST5sB7CDmZyNcS8iIgc4Y5X\"><\/div><input type=\"text\" name=\"g-recaptcha-hidden\" class=\"wpforms-recaptcha-hidden\" style=\"position:absolute!important;clip:rect(0,0,0,0)!important;height:1px!important;width:1px!important;border:0!important;overflow:hidden!important;padding:0!important;margin:0!important;\" data-rule-recaptcha=\"1\"><\/div><div class=\"wpforms-submit-container\" ><input type=\"hidden\" name=\"wpforms[id]\" value=\"2009\"><input type=\"hidden\" name=\"page_title\" value=\"\"><input type=\"hidden\" name=\"page_url\" value=\"https:\/\/www.francoishuet.fr\/index.php\/wp-json\/wp\/v2\/pages\/443\"><input type=\"hidden\" name=\"url_referer\" value=\"\"><button type=\"submit\" name=\"wpforms[submit]\" id=\"wpforms-submit-2009\" class=\"wpforms-submit\" data-alt-text=\"Envoi en cours...\" data-submit-text=\"Envoyer\" aria-live=\"assertive\" value=\"wpforms-submit\">Envoyer<\/button><img loading=\"lazy\" decoding=\"async\" src=\"https:\/\/www.francoishuet.fr\/wp-content\/plugins\/wpforms-lite\/assets\/images\/submit-spin.svg\" class=\"wpforms-submit-spinner\" style=\"display: none;\" width=\"26\" height=\"26\" alt=\"Chargement en cours\"><\/div><\/form><\/div>  <!-- .wpforms-container -->\n\n\n<ul class=\"wp-block-list\"><li>fa\u00eetes une <a href=\"https:\/\/www.francoishuet.fr\/index.php\/simulateur\/\">simulation <\/a><\/li><li>accompagnement pour trouver la <a href=\"https:\/\/www.francoishuet.fr\/index.php\/selectionnez-votre-banque\/\">meilleure offre bancaire du moment et b\u00e9n\u00e9ficier d&rsquo;une prime de parrainage<\/a><\/li><\/ul>\n","protected":false},"excerpt":{"rendered":"<p>Cher futur investisseur, Je vous propose de vous faire b\u00e9n\u00e9ficier gratuitement de votre 1\u00e8re heure d&rsquo;accompagnement t\u00e9l\u00e9phonique avec moi. Nous pourrons ainsi discuter selon votre convenance : de mon parcours des principes de ma m\u00e9thode des gains que vous pouvez r\u00e9aliser en moyenne des grandes \u00e9tapes \u00e0 suivre de l&rsquo;accompagnement dont vous pouvez b\u00e9n\u00e9ficier Je&hellip; <br \/> <a class=\"read-more\" href=\"https:\/\/www.francoishuet.fr\/index.php\/1h-gratuite\/\">Lire la suite<\/a><\/p>\n","protected":false},"author":1,"featured_media":0,"parent":0,"menu_order":4,"comment_status":"closed","ping_status":"closed","template":"","meta":{"pmpro_default_level":"","footnotes":""},"class_list":["post-443","page","type-page","status-publish","hentry","pmpro-has-access"],"_links":{"self":[{"href":"https:\/\/www.francoishuet.fr\/index.php\/wp-json\/wp\/v2\/pages\/443","targetHints":{"allow":["GET"]}}],"collection":[{"href":"https:\/\/www.francoishuet.fr\/index.php\/wp-json\/wp\/v2\/pages"}],"about":[{"href":"https:\/\/www.francoishuet.fr\/index.php\/wp-json\/wp\/v2\/types\/page"}],"author":[{"embeddable":true,"href":"https:\/\/www.francoishuet.fr\/index.php\/wp-json\/wp\/v2\/users\/1"}],"replies":[{"embeddable":true,"href":"https:\/\/www.francoishuet.fr\/index.php\/wp-json\/wp\/v2\/comments?post=443"}],"version-history":[{"count":0,"href":"https:\/\/www.francoishuet.fr\/index.php\/wp-json\/wp\/v2\/pages\/443\/revisions"}],"wp:attachment":[{"href":"https:\/\/www.francoishuet.fr\/index.php\/wp-json\/wp\/v2\/media?parent=443"}],"curies":[{"name":"wp","href":"https:\/\/api.w.org\/{rel}","templated":true}]}}