{"id":81,"date":"2020-01-04T15:26:44","date_gmt":"2020-01-04T14:26:44","guid":{"rendered":"https:\/\/www.francoishuet.fr\/?page_id=81"},"modified":"2022-09-23T16:55:13","modified_gmt":"2022-09-23T14:55:13","slug":"simulateur","status":"publish","type":"page","link":"https:\/\/www.francoishuet.fr\/index.php\/en-savoir-plus\/simulateur\/","title":{"rendered":"Simulation"},"content":{"rendered":"\n<p class=\"has-large-font-size\">Estimons ensemble les gains de ma m\u00e9thode !<\/p>\n\n\n\n<p>L&rsquo;indice du CAC40, qui regroupe les actions des 40 plus grandes entreprises fran\u00e7aises, a \u00e9t\u00e9 cr\u00e9\u00e9 arbitrairement \u00e0 1000 points le 31\/12\/1987.<\/p>\n\n\n\n<p>Au plus bas de la crise des subprimes le 10\/03\/2009, l&rsquo;indice du CAC40 \u00e9tait affich\u00e9 \u00e0 2510 points, soit un gain annualis\u00e9 depuis sa cr\u00e9ation de +4,43% (hors dividendes)&#8230; en pleine \u00ab\u00a0temp\u00eate financi\u00e8re\u00a0\u00bb, nous restons toujours bien au-dessus du livret A (g\u00e9n\u00e9reusement r\u00e9mun\u00e9r\u00e9 \u00e0 0,50% annuels \u00e0 compter du 1er f\u00e9vrier 2020, en baisse perp\u00e9tuelle).<\/p>\n\n\n\n<p>A l&rsquo;inverse, au plus haut de la bulle internet le 04\/09\/2000, l&rsquo;indice du CAC40 caracolait \u00e0 6944 points, soit un gain annualis\u00e9 depuis sa cr\u00e9ation de +16,51% (hors dividendes).<\/p>\n\n\n\n<p>Prenons une moyenne entre ces 2 extr\u00eames : +10,47%.<\/p>\n\n\n\n<p>Rajoutons ensuite les dividendes (la part des b\u00e9n\u00e9fices des entreprises qui revient aux actionnaires) : 3% environ. Nous arrivons \u00e0 13,5% environ.<\/p>\n\n\n\n<p>En suivant ma m\u00e9thode, vous pourrez ais\u00e9ment battre l&rsquo;indice du CAC40 sur le long terme de plusieurs pourcents par an : entre 2% et 5%. Nous arrivons \u00e0 environ 17%.<\/p>\n\n\n\n<p>Enlevons maintenant la part qui revient aux imp\u00f4ts, selon l&rsquo;anciennet\u00e9 et le type de l&rsquo;enveloppe fiscale que nous allons identifier ensemble (environ 20%).<\/p>\n\n\n\n<p class=\"has-vivid-red-color has-text-color\">Retenons une performance \u00e0 10% en \u00e9tant volontairement pessimiste&#8230; bien s\u00fbr, il s&rsquo;agit d&rsquo;une estimation d&rsquo;une moyenne de gains annuels&#8230; les performances vont fortement varier selon les ann\u00e9es.<\/p>\n\n\n\n<p class=\"has-large-font-size\">Simulateur<\/p>\n\n\n\n<p>Je vous propose d&rsquo;utiliser la feuille de calcul suivante (fonctionnant sous Microsoft Excel) pour estimer vos gains selon votre \u00e2ge de d\u00e9but d&rsquo;investissement, la somme que vous \u00eatre pr\u00eat \u00e0 risquer d\u00e8s maintenant ainsi que votre capacit\u00e9 d&rsquo;\u00e9pargne :<\/p>\n\n\n\n<div class=\"wp-block-file\"><a id=\"wp-block-file--media-40ddc960-afa1-47d5-8a5f-854ab97187ca\" href=\"https:\/\/www.francoishuet.fr\/wp-content\/uploads\/2020\/01\/simulateur.xlsx\">simulateur<\/a><a href=\"https:\/\/www.francoishuet.fr\/wp-content\/uploads\/2020\/01\/simulateur.xlsx\" class=\"wp-block-file__button\" download aria-describedby=\"wp-block-file--media-40ddc960-afa1-47d5-8a5f-854ab97187ca\">T\u00e9l\u00e9charger<\/a><\/div>\n\n\n\n<p>Voici les graphiques historiques des indices fran\u00e7ais et am\u00e9ricain : les crises ne durent pas bien longtemps !<\/p>\n\n\n\n<figure class=\"wp-block-image size-large\"><img loading=\"lazy\" decoding=\"async\" width=\"750\" height=\"691\" src=\"https:\/\/www.francoishuet.fr\/wp-content\/uploads\/2020\/01\/CAC40-1.png\" alt=\"\" class=\"wp-image-760\" srcset=\"https:\/\/www.francoishuet.fr\/wp-content\/uploads\/2020\/01\/CAC40-1.png 750w, https:\/\/www.francoishuet.fr\/wp-content\/uploads\/2020\/01\/CAC40-1-300x276.png 300w, https:\/\/www.francoishuet.fr\/wp-content\/uploads\/2020\/01\/CAC40-1-600x553.png 600w\" sizes=\"auto, (max-width: 750px) 100vw, 750px\" \/><figcaption>CAC40 (France) : 2 belles crises dans toute son histoire, bien vite oubli\u00e9es !<\/figcaption><\/figure>\n\n\n\n<figure class=\"wp-block-image size-large\"><img loading=\"lazy\" decoding=\"async\" width=\"750\" height=\"676\" src=\"https:\/\/www.francoishuet.fr\/wp-content\/uploads\/2020\/01\/dow.png\" alt=\"\" class=\"wp-image-761\" srcset=\"https:\/\/www.francoishuet.fr\/wp-content\/uploads\/2020\/01\/dow.png 750w, https:\/\/www.francoishuet.fr\/wp-content\/uploads\/2020\/01\/dow-300x270.png 300w, https:\/\/www.francoishuet.fr\/wp-content\/uploads\/2020\/01\/dow-600x541.png 600w\" sizes=\"auto, (max-width: 750px) 100vw, 750px\" \/><figcaption>DOW JONES (USA) : quelles crises ?<\/figcaption><\/figure>\n\n\n\n<ul class=\"wp-block-list\"><li>profitez d&rsquo;<a href=\"https:\/\/www.francoishuet.fr\/index.php\/1h-gratuite\/\">1 heure d&rsquo;accompagnement t\u00e9l\u00e9phonique gratuite<\/a> avec Fran\u00e7ois HUET<\/li><li>accompagnement pour trouver la <a href=\"https:\/\/www.francoishuet.fr\/index.php\/selectionnez-votre-banque\/\">meilleure offre bancaire du moment et b\u00e9n\u00e9ficier d&rsquo;une prime de parrainage<\/a><\/li><\/ul>\n","protected":false},"excerpt":{"rendered":"<p>Estimons ensemble les gains de ma m\u00e9thode ! L&rsquo;indice du CAC40, qui regroupe les actions des 40 plus grandes entreprises fran\u00e7aises, a \u00e9t\u00e9 cr\u00e9\u00e9 arbitrairement \u00e0 1000 points le 31\/12\/1987. Au plus bas de la crise des subprimes le 10\/03\/2009, l&rsquo;indice du CAC40 \u00e9tait affich\u00e9 \u00e0 2510 points, soit un gain annualis\u00e9 depuis sa cr\u00e9ation&hellip; <br \/> <a class=\"read-more\" href=\"https:\/\/www.francoishuet.fr\/index.php\/en-savoir-plus\/simulateur\/\">Lire la suite<\/a><\/p>\n","protected":false},"author":1,"featured_media":0,"parent":736,"menu_order":2,"comment_status":"closed","ping_status":"closed","template":"","meta":{"pmpro_default_level":"","footnotes":""},"class_list":["post-81","page","type-page","status-publish","hentry","pmpro-has-access"],"_links":{"self":[{"href":"https:\/\/www.francoishuet.fr\/index.php\/wp-json\/wp\/v2\/pages\/81","targetHints":{"allow":["GET"]}}],"collection":[{"href":"https:\/\/www.francoishuet.fr\/index.php\/wp-json\/wp\/v2\/pages"}],"about":[{"href":"https:\/\/www.francoishuet.fr\/index.php\/wp-json\/wp\/v2\/types\/page"}],"author":[{"embeddable":true,"href":"https:\/\/www.francoishuet.fr\/index.php\/wp-json\/wp\/v2\/users\/1"}],"replies":[{"embeddable":true,"href":"https:\/\/www.francoishuet.fr\/index.php\/wp-json\/wp\/v2\/comments?post=81"}],"version-history":[{"count":0,"href":"https:\/\/www.francoishuet.fr\/index.php\/wp-json\/wp\/v2\/pages\/81\/revisions"}],"up":[{"embeddable":true,"href":"https:\/\/www.francoishuet.fr\/index.php\/wp-json\/wp\/v2\/pages\/736"}],"wp:attachment":[{"href":"https:\/\/www.francoishuet.fr\/index.php\/wp-json\/wp\/v2\/media?parent=81"}],"curies":[{"name":"wp","href":"https:\/\/api.w.org\/{rel}","templated":true}]}}