{"id":1440,"date":"2020-11-07T09:44:15","date_gmt":"2020-11-07T08:44:15","guid":{"rendered":"https:\/\/www.francoishuet.fr\/?post_type=product&#038;p=1440"},"modified":"2020-11-08T14:57:26","modified_gmt":"2020-11-08T13:57:26","slug":"15-minutes-pour-me-poser-vos-questions-en-visioconference-ou-telephone","status":"publish","type":"product","link":"https:\/\/www.francoishuet.fr\/index.php\/produit\/15-minutes-pour-me-poser-vos-questions-en-visioconference-ou-telephone\/","title":{"rendered":"15 minutes pour r\u00e9pondre \u00e0 vos questions (en visioconf\u00e9rence ou t\u00e9l\u00e9phone)"},"content":{"rendered":"<p>R\u00e9servez ce produit : je fixerai un rendez-vous t\u00e9l\u00e9phonique sur le cr\u00e9neau horaire de votre choix pendant lequel je pourrai d\u00e9velopper une notion particuli\u00e8re de ma m\u00e9thode ou r\u00e9pondre \u00e0 vos questions.<\/p>\n","protected":false},"excerpt":{"rendered":"<p>R\u00e9servez ce produit : je fixerai un rendez-vous t\u00e9l\u00e9phonique sur le cr\u00e9neau horaire de votre choix pendant lequel je pourrai d\u00e9velopper une notion particuli\u00e8re de ma m\u00e9thode ou r\u00e9pondre \u00e0 vos questions.<\/p>\n","protected":false},"featured_media":456,"comment_status":"closed","ping_status":"closed","template":"","meta":{"pmpro_default_level":""},"product_brand":[],"product_cat":[18],"product_tag":[],"class_list":{"0":"post-1440","1":"product","2":"type-product","3":"status-publish","4":"has-post-thumbnail","6":"product_cat-accompagnement-personalise","7":"pmpro-has-access","9":"first","10":"instock","11":"virtual","12":"purchasable","13":"product-type-simple"},"_links":{"self":[{"href":"https:\/\/www.francoishuet.fr\/index.php\/wp-json\/wp\/v2\/product\/1440","targetHints":{"allow":["GET"]}}],"collection":[{"href":"https:\/\/www.francoishuet.fr\/index.php\/wp-json\/wp\/v2\/product"}],"about":[{"href":"https:\/\/www.francoishuet.fr\/index.php\/wp-json\/wp\/v2\/types\/product"}],"replies":[{"embeddable":true,"href":"https:\/\/www.francoishuet.fr\/index.php\/wp-json\/wp\/v2\/comments?post=1440"}],"wp:featuredmedia":[{"embeddable":true,"href":"https:\/\/www.francoishuet.fr\/index.php\/wp-json\/wp\/v2\/media\/456"}],"wp:attachment":[{"href":"https:\/\/www.francoishuet.fr\/index.php\/wp-json\/wp\/v2\/media?parent=1440"}],"wp:term":[{"taxonomy":"product_brand","embeddable":true,"href":"https:\/\/www.francoishuet.fr\/index.php\/wp-json\/wp\/v2\/product_brand?post=1440"},{"taxonomy":"product_cat","embeddable":true,"href":"https:\/\/www.francoishuet.fr\/index.php\/wp-json\/wp\/v2\/product_cat?post=1440"},{"taxonomy":"product_tag","embeddable":true,"href":"https:\/\/www.francoishuet.fr\/index.php\/wp-json\/wp\/v2\/product_tag?post=1440"}],"curies":[{"name":"wp","href":"https:\/\/api.w.org\/{rel}","templated":true}]}}