{"id":464,"date":"2020-01-14T13:33:49","date_gmt":"2020-01-14T12:33:49","guid":{"rendered":"https:\/\/www.francoishuet.fr\/?post_type=product&#038;p=464"},"modified":"2024-01-23T07:41:34","modified_gmt":"2024-01-23T06:41:34","slug":"formation-initiale","status":"publish","type":"product","link":"https:\/\/www.francoishuet.fr\/index.php\/produit\/formation-initiale\/","title":{"rendered":"La formation initiale de 1h pour bien d\u00e9buter (visioconf\u00e9rence ou t\u00e9l\u00e9phone)"},"content":{"rendered":"<p>Le formateur sera Fran\u00e7ois HUET en personne.<\/p>\n<p><!--more--><\/p>\n<p>Contenu :<\/p>\n<p>Sommaire<\/p>\n<p>1 : lib\u00e9rer votre capacit\u00e9 d&rsquo;investissement !<\/p>\n<p>2 : identifier la somme que vous pouvez investir d\u00e8s aujourd&rsquo;hui, quel est votre effort d&rsquo;\u00e9pargne mensuel ?<\/p>\n<p>3 : identifiez l&rsquo;enveloppe fiscale, l&rsquo;interm\u00e9diaire financier et l&rsquo;OPCVM la plus performante<\/p>\n<p>4 : suivre les march\u00e9s<\/p>\n<p>5 : l&rsquo;ouverture de vos contrats, les versements mensuels<\/p>\n<p>6 : votre capital cible<\/p>\n<p>7 : votre vie de rentier<\/p>\n","protected":false},"excerpt":{"rendered":"<p>Le formateur sera Fran\u00e7ois HUET en personne.<\/p>\n","protected":false},"featured_media":513,"comment_status":"open","ping_status":"closed","template":"","meta":{"pmpro_default_level":""},"product_brand":[],"product_cat":[19],"product_tag":[],"class_list":{"0":"post-464","1":"product","2":"type-product","3":"status-publish","4":"has-post-thumbnail","6":"product_cat-cours","7":"pmpro-has-access","9":"first","10":"instock","11":"featured","12":"virtual","13":"taxable","14":"purchasable","15":"product-type-simple"},"_links":{"self":[{"href":"https:\/\/www.francoishuet.fr\/index.php\/wp-json\/wp\/v2\/product\/464","targetHints":{"allow":["GET"]}}],"collection":[{"href":"https:\/\/www.francoishuet.fr\/index.php\/wp-json\/wp\/v2\/product"}],"about":[{"href":"https:\/\/www.francoishuet.fr\/index.php\/wp-json\/wp\/v2\/types\/product"}],"replies":[{"embeddable":true,"href":"https:\/\/www.francoishuet.fr\/index.php\/wp-json\/wp\/v2\/comments?post=464"}],"wp:featuredmedia":[{"embeddable":true,"href":"https:\/\/www.francoishuet.fr\/index.php\/wp-json\/wp\/v2\/media\/513"}],"wp:attachment":[{"href":"https:\/\/www.francoishuet.fr\/index.php\/wp-json\/wp\/v2\/media?parent=464"}],"wp:term":[{"taxonomy":"product_brand","embeddable":true,"href":"https:\/\/www.francoishuet.fr\/index.php\/wp-json\/wp\/v2\/product_brand?post=464"},{"taxonomy":"product_cat","embeddable":true,"href":"https:\/\/www.francoishuet.fr\/index.php\/wp-json\/wp\/v2\/product_cat?post=464"},{"taxonomy":"product_tag","embeddable":true,"href":"https:\/\/www.francoishuet.fr\/index.php\/wp-json\/wp\/v2\/product_tag?post=464"}],"curies":[{"name":"wp","href":"https:\/\/api.w.org\/{rel}","templated":true}]}}